{"id":1924,"date":"2025-10-28T16:10:01","date_gmt":"2025-10-28T16:10:01","guid":{"rendered":"https:\/\/swissregistration.ch\/?page_id=1924"},"modified":"2025-10-28T16:21:17","modified_gmt":"2025-10-28T16:21:17","slug":"rechtsgrundlage-der-kollektivgesellschaft-kig","status":"publish","type":"page","link":"https:\/\/swissregistration.ch\/fr\/rechtsgrundlage-der-kollektivgesellschaft-kig\/","title":{"rendered":"Die Kollektivgesellschaft (KIG)"},"content":{"rendered":"<h2 data-start=\"1846\" data-end=\"1891\">Die Kollektivgesellschaft<\/h2>\n<h3 data-start=\"1893\" data-end=\"1917\">Grundvoraussetzungen<\/h3>\n<ul data-start=\"1918\" data-end=\"3328\">\n<li data-start=\"1918\" data-end=\"2022\">\n<p data-start=\"1920\" data-end=\"2022\">Mindestens zwei nat\u00fcrliche Personen betreiben gemeinsam ein nach kaufm\u00e4nnischer Art gef\u00fchrtes Gewerbe.<\/p>\n<\/li>\n<li data-start=\"2023\" data-end=\"2130\">\n<p data-start=\"2025\" data-end=\"2130\">Juristische Personen (z. B. eine AG oder GmbH) k\u00f6nnen nicht Gesellschafter sein, nur nat\u00fcrliche Personen.<\/p>\n<\/li>\n<li data-start=\"2131\" data-end=\"2247\">\n<p data-start=\"2133\" data-end=\"2247\">Es gibt kein Mindestkapital. Die Einlagen der Gesellschafter k\u00f6nnen Geld, Sachwerte, Forderungen oder Arbeit sein.<\/p>\n<\/li>\n<li data-start=\"2248\" data-end=\"2494\">\n<p data-start=\"2250\" data-end=\"2494\">Die Gesch\u00e4ftsaufnahme erfolgt grunds\u00e4tzlich durch den Abschluss eines Gesellschaftsvertrags zwischen den Gesellschaftern. Der Vertrag ist formfrei m\u00f6glich (muss also nicht \u00f6ffentlich beurkundet werden), schriftlich wird aber dringend empfohlen.<\/p>\n<\/li>\n<li data-start=\"2495\" data-end=\"2646\">\n<p data-start=\"2497\" data-end=\"2646\">Alle Gesellschafter m\u00fcssen handlungsf\u00e4hig sein (also in der Regel vollj\u00e4hrig und urteilsf\u00e4hig), da sie die Gesellschaft nach aussen vertreten k\u00f6nnen.<\/p>\n<\/li>\n<li data-start=\"2647\" data-end=\"2773\">\n<p data-start=\"2649\" data-end=\"2773\">Handelsregistereintrag ist Pflicht. Die Kollektivgesellschaft muss nach der Gr\u00fcndung ins Handelsregister eingetragen werden.<\/p>\n<\/li>\n<li data-start=\"2774\" data-end=\"2937\">\n<p data-start=\"2776\" data-end=\"2937\">Firma (Name der Gesellschaft): freie Fantasiebezeichnung ist m\u00f6glich; ein Hinweis auf die Rechtsform (z. B. \u00abKollektivgesellschaft\u00bb oder \u00abKlG\u00bb) ist erforderlich.<\/p>\n<\/li>\n<li data-start=\"2938\" data-end=\"3161\">\n<p data-start=\"2940\" data-end=\"3161\">Haftung: Die Gesellschafter haften pers\u00f6nlich, unbeschr\u00e4nkt (also auch mit Privatverm\u00f6gen) und solidarisch f\u00fcr die Schulden der Gesellschaft. Zuerst haftet zwar das Gesellschaftsverm\u00f6gen, danach aber jede einzelne Person.<\/p>\n<\/li>\n<li data-start=\"3162\" data-end=\"3328\">\n<p data-start=\"3164\" data-end=\"3328\">Buchf\u00fchrung: Kollektivgesellschaften unterliegen der Buchf\u00fchrungs- und Rechnungslegungspflicht gem\u00e4ss OR 957 ff., wie andere eintragungspflichtige Unternehmen auch.<\/p>\n<\/li>\n<\/ul>\n<p><a class=\"btn_right\" href=\"https:\/\/swissregistration.ch\/kollektivgesellschaft\/\"><strong>Gr\u00fcndung Kollektivgesellschaft<\/strong><br \/>\nPauschal CHF 380.&#8211;<\/a><\/p>\n","protected":false},"excerpt":{"rendered":"<p>Die Kollektivgesellschaft Grundvoraussetzungen Mindestens zwei nat\u00fcrliche Personen betreiben gemeinsam ein nach kaufm\u00e4nnischer Art gef\u00fchrtes Gewerbe. Juristische Personen (z. B. eine AG oder GmbH) k\u00f6nnen nicht Gesellschafter sein, nur nat\u00fcrliche Personen. Es gibt kein Mindestkapital. Die Einlagen der Gesellschafter k\u00f6nnen Geld, Sachwerte, Forderungen oder Arbeit sein. Die Gesch\u00e4ftsaufnahme erfolgt grunds\u00e4tzlich durch\u2026<\/p>\n<p> <a class=\"continue-reading-link\" href=\"https:\/\/swissregistration.ch\/fr\/rechtsgrundlage-der-kollektivgesellschaft-kig\/\"><span>Continue reading<\/span><i class=\"crycon-right-dir\"><\/i><\/a> <\/p>\n","protected":false},"author":2,"featured_media":0,"parent":0,"menu_order":0,"comment_status":"closed","ping_status":"closed","template":"","meta":{"footnotes":""},"class_list":["post-1924","page","type-page","status-publish","hentry"],"translation":{"provider":"WPGlobus","version":"3.0.2","language":"fr","enabled_languages":["de","fr","it"],"languages":{"de":{"title":true,"content":true,"excerpt":false},"fr":{"title":false,"content":false,"excerpt":false},"it":{"title":false,"content":false,"excerpt":false}}},"_links":{"self":[{"href":"https:\/\/swissregistration.ch\/fr\/wp-json\/wp\/v2\/pages\/1924","targetHints":{"allow":["GET"]}}],"collection":[{"href":"https:\/\/swissregistration.ch\/fr\/wp-json\/wp\/v2\/pages"}],"about":[{"href":"https:\/\/swissregistration.ch\/fr\/wp-json\/wp\/v2\/types\/page"}],"author":[{"embeddable":true,"href":"https:\/\/swissregistration.ch\/fr\/wp-json\/wp\/v2\/users\/2"}],"replies":[{"embeddable":true,"href":"https:\/\/swissregistration.ch\/fr\/wp-json\/wp\/v2\/comments?post=1924"}],"version-history":[{"count":4,"href":"https:\/\/swissregistration.ch\/fr\/wp-json\/wp\/v2\/pages\/1924\/revisions"}],"predecessor-version":[{"id":1944,"href":"https:\/\/swissregistration.ch\/fr\/wp-json\/wp\/v2\/pages\/1924\/revisions\/1944"}],"wp:attachment":[{"href":"https:\/\/swissregistration.ch\/fr\/wp-json\/wp\/v2\/media?parent=1924"}],"curies":[{"name":"wp","href":"https:\/\/api.w.org\/{rel}","templated":true}]}}